{"id":2072,"date":"2016-08-04T14:47:00","date_gmt":"2016-08-04T12:47:00","guid":{"rendered":"https:\/\/www.popolnapostava.com\/formula\/dup-miha-gersic-predstavlja-formula-popolne-postave\/"},"modified":"2020-10-12T21:06:58","modified_gmt":"2020-10-12T19:06:58","slug":"vizita","status":"publish","type":"page","link":"https:\/\/www.popolnapostava.com\/formula\/vizita\/","title":{"rendered":"Miha Ger\u0161i\u010d predstavlja: Formula Popolne Postave"},"content":{"rendered":"","protected":false},"excerpt":{"rendered":"","protected":false},"author":9715,"featured_media":0,"parent":0,"menu_order":0,"comment_status":"closed","ping_status":"closed","template":"","meta":[],"yoast_head":"<!-- This site is optimized with the Yoast SEO plugin v19.2 - https:\/\/yoast.com\/wordpress\/plugins\/seo\/ -->\n<title>Miha Ger\u0161i\u010d predstavlja: Formula Popolne Postave - Formula Popolne Postave<\/title>\n<meta name=\"robots\" content=\"noindex, nofollow\" \/>\n<meta property=\"og:locale\" content=\"sl_SI\" \/>\n<meta property=\"og:type\" content=\"article\" \/>\n<meta property=\"og:title\" content=\"Miha Ger\u0161i\u010d predstavlja: Formula Popolne Postave - Formula Popolne Postave\" \/>\n<meta property=\"og:url\" content=\"https:\/\/www.popolnapostava.com\/formula\/vizita\/\" \/>\n<meta property=\"og:site_name\" content=\"Formula Popolne Postave\" \/>\n<meta property=\"article:modified_time\" content=\"2020-10-12T19:06:58+00:00\" \/>\n<meta property=\"og:image\" content=\"http:\/\/images\/wpspin_light.gif\" \/>\n<meta name=\"author\" content=\"Ga\u0161per Gaber\u0161\u010dek\" \/>\n<meta name=\"twitter:card\" content=\"summary_large_image\" \/>\n<meta name=\"twitter:label1\" content=\"Est. reading time\" \/>\n\t<meta name=\"twitter:data1\" content=\"50 minut\" \/>\n<script type=\"application\/ld+json\" class=\"yoast-schema-graph\">{\"@context\":\"https:\/\/schema.org\",\"@graph\":[{\"@type\":\"WebSite\",\"@id\":\"https:\/\/www.popolnapostava.com\/formula\/#website\",\"url\":\"https:\/\/www.popolnapostava.com\/formula\/\",\"name\":\"Formula Popolne Postave\",\"description\":\"\",\"potentialAction\":[{\"@type\":\"SearchAction\",\"target\":{\"@type\":\"EntryPoint\",\"urlTemplate\":\"https:\/\/www.popolnapostava.com\/formula\/?s={search_term_string}\"},\"query-input\":\"required name=search_term_string\"}],\"inLanguage\":\"sl-SI\"},{\"@type\":\"ImageObject\",\"inLanguage\":\"sl-SI\",\"@id\":\"https:\/\/www.popolnapostava.com\/formula\/vizita\/#primaryimage\",\"url\":\"http:\/\/www.popolnapostava.com\/formula\/wp-content\/uploads\/2016\/08\/FPP-videnona.png\",\"contentUrl\":\"http:\/\/www.popolnapostava.com\/formula\/wp-content\/uploads\/2016\/08\/FPP-videnona.png\"},{\"@type\":\"WebPage\",\"@id\":\"https:\/\/www.popolnapostava.com\/formula\/vizita\/#webpage\",\"url\":\"https:\/\/www.popolnapostava.com\/formula\/vizita\/\",\"name\":\"Miha Ger\u0161i\u010d predstavlja: Formula Popolne Postave - Formula Popolne Postave\",\"isPartOf\":{\"@id\":\"https:\/\/www.popolnapostava.com\/formula\/#website\"},\"primaryImageOfPage\":{\"@id\":\"https:\/\/www.popolnapostava.com\/formula\/vizita\/#primaryimage\"},\"datePublished\":\"2016-08-04T12:47:00+00:00\",\"dateModified\":\"2020-10-12T19:06:58+00:00\",\"breadcrumb\":{\"@id\":\"https:\/\/www.popolnapostava.com\/formula\/vizita\/#breadcrumb\"},\"inLanguage\":\"sl-SI\",\"potentialAction\":[{\"@type\":\"ReadAction\",\"target\":[\"https:\/\/www.popolnapostava.com\/formula\/vizita\/\"]}]},{\"@type\":\"BreadcrumbList\",\"@id\":\"https:\/\/www.popolnapostava.com\/formula\/vizita\/#breadcrumb\",\"itemListElement\":[{\"@type\":\"ListItem\",\"position\":1,\"name\":\"Home\",\"item\":\"https:\/\/www.popolnapostava.com\/formula\/\"},{\"@type\":\"ListItem\",\"position\":2,\"name\":\"Miha Ger\u0161i\u010d predstavlja: Formula Popolne Postave\"}]}]}<\/script>\n<!-- \/ Yoast SEO plugin. -->","yoast_head_json":{"title":"Miha Ger\u0161i\u010d predstavlja: Formula Popolne Postave - Formula Popolne Postave","robots":{"index":"noindex","follow":"nofollow"},"og_locale":"sl_SI","og_type":"article","og_title":"Miha Ger\u0161i\u010d predstavlja: Formula Popolne Postave - Formula Popolne Postave","og_url":"https:\/\/www.popolnapostava.com\/formula\/vizita\/","og_site_name":"Formula Popolne Postave","article_modified_time":"2020-10-12T19:06:58+00:00","og_image":[{"url":"images\/wpspin_light.gif"}],"author":"Ga\u0161per Gaber\u0161\u010dek","twitter_card":"summary_large_image","twitter_misc":{"Est. reading time":"50 minut"},"schema":{"@context":"https:\/\/schema.org","@graph":[{"@type":"WebSite","@id":"https:\/\/www.popolnapostava.com\/formula\/#website","url":"https:\/\/www.popolnapostava.com\/formula\/","name":"Formula Popolne Postave","description":"","potentialAction":[{"@type":"SearchAction","target":{"@type":"EntryPoint","urlTemplate":"https:\/\/www.popolnapostava.com\/formula\/?s={search_term_string}"},"query-input":"required name=search_term_string"}],"inLanguage":"sl-SI"},{"@type":"ImageObject","inLanguage":"sl-SI","@id":"https:\/\/www.popolnapostava.com\/formula\/vizita\/#primaryimage","url":"http:\/\/www.popolnapostava.com\/formula\/wp-content\/uploads\/2016\/08\/FPP-videnona.png","contentUrl":"http:\/\/www.popolnapostava.com\/formula\/wp-content\/uploads\/2016\/08\/FPP-videnona.png"},{"@type":"WebPage","@id":"https:\/\/www.popolnapostava.com\/formula\/vizita\/#webpage","url":"https:\/\/www.popolnapostava.com\/formula\/vizita\/","name":"Miha Ger\u0161i\u010d predstavlja: Formula Popolne Postave - Formula Popolne Postave","isPartOf":{"@id":"https:\/\/www.popolnapostava.com\/formula\/#website"},"primaryImageOfPage":{"@id":"https:\/\/www.popolnapostava.com\/formula\/vizita\/#primaryimage"},"datePublished":"2016-08-04T12:47:00+00:00","dateModified":"2020-10-12T19:06:58+00:00","breadcrumb":{"@id":"https:\/\/www.popolnapostava.com\/formula\/vizita\/#breadcrumb"},"inLanguage":"sl-SI","potentialAction":[{"@type":"ReadAction","target":["https:\/\/www.popolnapostava.com\/formula\/vizita\/"]}]},{"@type":"BreadcrumbList","@id":"https:\/\/www.popolnapostava.com\/formula\/vizita\/#breadcrumb","itemListElement":[{"@type":"ListItem","position":1,"name":"Home","item":"https:\/\/www.popolnapostava.com\/formula\/"},{"@type":"ListItem","position":2,"name":"Miha Ger\u0161i\u010d predstavlja: Formula Popolne Postave"}]}]}},"_links":{"self":[{"href":"https:\/\/www.popolnapostava.com\/formula\/wp-json\/wp\/v2\/pages\/2072"}],"collection":[{"href":"https:\/\/www.popolnapostava.com\/formula\/wp-json\/wp\/v2\/pages"}],"about":[{"href":"https:\/\/www.popolnapostava.com\/formula\/wp-json\/wp\/v2\/types\/page"}],"author":[{"embeddable":true,"href":"https:\/\/www.popolnapostava.com\/formula\/wp-json\/wp\/v2\/users\/9715"}],"replies":[{"embeddable":true,"href":"https:\/\/www.popolnapostava.com\/formula\/wp-json\/wp\/v2\/comments?post=2072"}],"version-history":[{"count":4,"href":"https:\/\/www.popolnapostava.com\/formula\/wp-json\/wp\/v2\/pages\/2072\/revisions"}],"predecessor-version":[{"id":3668,"href":"https:\/\/www.popolnapostava.com\/formula\/wp-json\/wp\/v2\/pages\/2072\/revisions\/3668"}],"wp:attachment":[{"href":"https:\/\/www.popolnapostava.com\/formula\/wp-json\/wp\/v2\/media?parent=2072"}],"curies":[{"name":"wp","href":"https:\/\/api.w.org\/{rel}","templated":true}]}}